{"id":18,"date":"2026-01-10T06:17:58","date_gmt":"2026-01-10T06:17:58","guid":{"rendered":"https:\/\/www.takayama.re\/?page_id=18"},"modified":"2026-01-19T08:00:10","modified_gmt":"2026-01-19T08:00:10","slug":"accueil","status":"publish","type":"page","link":"https:\/\/www.takayama.re\/","title":{"rendered":"Accueil"},"content":{"rendered":"\t\t<div data-elementor-type=\"wp-page\" data-elementor-id=\"18\" class=\"elementor elementor-18\">\n\t\t\t\t<div class=\"elementor-element elementor-element-2096d52 elementor-hidden-mobile e-flex e-con-boxed e-con e-parent\" data-id=\"2096d52\" data-element_type=\"container\" data-e-type=\"container\" data-settings=\"{&quot;background_background&quot;:&quot;classic&quot;}\">\n\t\t\t\t\t<div class=\"e-con-inner\">\n\t\t\t\t\t<\/div>\n\t\t\t\t<\/div>\n\t\t<div class=\"elementor-element elementor-element-af6c19c e-con-full elementor-hidden-desktop elementor-hidden-tablet e-flex e-con e-parent\" data-id=\"af6c19c\" data-element_type=\"container\" data-e-type=\"container\" data-settings=\"{&quot;background_background&quot;:&quot;classic&quot;}\">\n\t\t\t\t<\/div>\n\t\t<div class=\"elementor-element elementor-element-3f4b45e e-con-full e-flex e-con e-parent\" data-id=\"3f4b45e\" data-element_type=\"container\" data-e-type=\"container\" data-settings=\"{&quot;background_background&quot;:&quot;gradient&quot;}\">\n\t\t\t\t<div class=\"elementor-element elementor-element-a316f6f elementor-widget elementor-widget-heading\" data-id=\"a316f6f\" data-element_type=\"widget\" data-e-type=\"widget\" data-widget_type=\"heading.default\">\n\t\t\t\t\t<h1 class=\"elementor-heading-title elementor-size-default\">Takayama, Japanese Street Food \u00e0 Saint-Paul<\/h1>\t\t\t\t<\/div>\n\t\t\t\t<div class=\"elementor-element elementor-element-7a2c145 elementor-widget elementor-widget-heading\" data-id=\"7a2c145\" data-element_type=\"widget\" data-e-type=\"widget\" data-widget_type=\"heading.default\">\n\t\t\t\t\t<h2 class=\"elementor-heading-title elementor-size-default\">Entre tradition et street food<\/h2>\t\t\t\t<\/div>\n\t\t\t\t<div class=\"elementor-element elementor-element-2b2dc79 elementor-widget elementor-widget-text-editor\" data-id=\"2b2dc79\" data-element_type=\"widget\" data-e-type=\"widget\" data-widget_type=\"text-editor.default\">\n\t\t\t\t\t\t\t\t\t<p>D\u00e9couvrez nos sp\u00e9cialit\u00e9s : sushis pr\u00e9par\u00e9s \u00e0 la commande, plats chauds r\u00e9confortants et street-food japonaise fra\u00eeche, \u00e0 savourer.<br \/>Sur place ou \u00e0 emporter, Takayama, c\u2019est le Japon sans d\u00e9tour, au c\u0153ur de La R\u00e9union.<\/p>\t\t\t\t\t\t\t\t<\/div>\n\t\t\t\t<div class=\"elementor-element elementor-element-5016957 elementor-align-center elementor-invisible elementor-widget elementor-widget-button\" data-id=\"5016957\" data-element_type=\"widget\" data-e-type=\"widget\" data-settings=\"{&quot;_animation&quot;:&quot;bounceIn&quot;}\" data-widget_type=\"button.default\">\n\t\t\t\t\t\t\t\t\t\t<a class=\"elementor-button elementor-button-link elementor-size-sm elementor-animation-grow\" href=\"https:\/\/www.takayama.re\/index.php\/menu\/\">\n\t\t\t\t\t\t<span class=\"elementor-button-content-wrapper\">\n\t\t\t\t\t\t\t\t\t<span class=\"elementor-button-text\">Voir le menu<\/span>\n\t\t\t\t\t<\/span>\n\t\t\t\t\t<\/a>\n\t\t\t\t\t\t\t\t<\/div>\n\t\t\t\t<\/div>\n\t\t<div class=\"elementor-element elementor-element-cfcbe44 e-flex e-con-boxed e-con e-parent\" data-id=\"cfcbe44\" data-element_type=\"container\" data-e-type=\"container\">\n\t\t\t\t\t<div class=\"e-con-inner\">\n\t\t\t\t<div class=\"elementor-element elementor-element-c6e397b elementor-widget elementor-widget-heading\" data-id=\"c6e397b\" data-element_type=\"widget\" data-e-type=\"widget\" data-widget_type=\"heading.default\">\n\t\t\t\t\t<h2 class=\"elementor-heading-title elementor-size-default\">Nos sp\u00e9cialit\u00e9s japonaises<\/h2>\t\t\t\t<\/div>\n\t\t<div class=\"elementor-element elementor-element-33fb37a e-con-full e-flex e-con e-child\" data-id=\"33fb37a\" data-element_type=\"container\" data-e-type=\"container\">\n\t\t\t\t<\/div>\n\t\t\t\t\t<\/div>\n\t\t\t\t<\/div>\n\t\t<div class=\"elementor-element elementor-element-c73db26 e-con-full ops-section e-flex e-con e-parent\" data-id=\"c73db26\" data-element_type=\"container\" data-e-type=\"container\" data-settings=\"{&quot;ekit_has_onepagescroll&quot;:&quot;section&quot;}\">\n\t\t<div class=\"elementor-element elementor-element-1bcb0ee e-flex e-con-boxed e-con e-child\" data-id=\"1bcb0ee\" data-element_type=\"container\" data-e-type=\"container\">\n\t\t\t\t\t<div class=\"e-con-inner\">\n\t\t\t\t<div class=\"elementor-element elementor-element-061efcf elementor-widget elementor-widget-image\" data-id=\"061efcf\" data-element_type=\"widget\" data-e-type=\"widget\" data-widget_type=\"image.default\">\n\t\t\t\t\t\t\t\t\t\t\t\t\t\t\t<img fetchpriority=\"high\" decoding=\"async\" width=\"1179\" height=\"1572\" src=\"http:\/\/www.takayama.re\/wp-content\/uploads\/2026\/01\/564052593_18028287761726805_8704046373174409107_n-1.jpg\" class=\"attachment-full size-full wp-image-404\" alt=\"\" srcset=\"http:\/\/www.takayama.re\/wp-content\/uploads\/2026\/01\/564052593_18028287761726805_8704046373174409107_n-1.jpg 1179w, http:\/\/www.takayama.re\/wp-content\/uploads\/2026\/01\/564052593_18028287761726805_8704046373174409107_n-1-225x300.jpg 225w, http:\/\/www.takayama.re\/wp-content\/uploads\/2026\/01\/564052593_18028287761726805_8704046373174409107_n-1-768x1024.jpg 768w, http:\/\/www.takayama.re\/wp-content\/uploads\/2026\/01\/564052593_18028287761726805_8704046373174409107_n-1-1152x1536.jpg 1152w, http:\/\/www.takayama.re\/wp-content\/uploads\/2026\/01\/564052593_18028287761726805_8704046373174409107_n-1-600x800.jpg 600w\" sizes=\"(max-width: 1179px) 100vw, 1179px\" \/>\t\t\t\t\t\t\t\t\t\t\t\t\t\t\t<\/div>\n\t\t<div class=\"elementor-element elementor-element-86a8700 e-con-full e-flex e-con e-child\" data-id=\"86a8700\" data-element_type=\"container\" data-e-type=\"container\">\n\t\t\t\t<div class=\"elementor-element elementor-element-5d5a279 elementor-widget elementor-widget-heading\" data-id=\"5d5a279\" data-element_type=\"widget\" data-e-type=\"widget\" data-widget_type=\"heading.default\">\n\t\t\t\t\t<h2 class=\"elementor-heading-title elementor-size-default\">Street food japonaise, simple et efficace<\/h2>\t\t\t\t<\/div>\n\t\t\t\t<\/div>\n\t\t\t\t\t<\/div>\n\t\t\t\t<\/div>\n\t\t<div class=\"elementor-element elementor-element-644dd92 e-flex e-con-boxed e-con e-child\" data-id=\"644dd92\" data-element_type=\"container\" data-e-type=\"container\">\n\t\t\t\t\t<div class=\"e-con-inner\">\n\t\t\t\t<div class=\"elementor-element elementor-element-84a4ff0 elementor-widget elementor-widget-image\" data-id=\"84a4ff0\" data-element_type=\"widget\" data-e-type=\"widget\" data-widget_type=\"image.default\">\n\t\t\t\t\t\t\t\t\t\t\t\t\t\t\t<img decoding=\"async\" width=\"1365\" height=\"1820\" src=\"http:\/\/www.takayama.re\/wp-content\/uploads\/2026\/01\/562679803_18028287797726805_8573476962326122709_n.jpg\" class=\"attachment-full size-full wp-image-108\" alt=\"\" srcset=\"http:\/\/www.takayama.re\/wp-content\/uploads\/2026\/01\/562679803_18028287797726805_8573476962326122709_n.jpg 1365w, http:\/\/www.takayama.re\/wp-content\/uploads\/2026\/01\/562679803_18028287797726805_8573476962326122709_n-600x800.jpg 600w, http:\/\/www.takayama.re\/wp-content\/uploads\/2026\/01\/562679803_18028287797726805_8573476962326122709_n-225x300.jpg 225w, http:\/\/www.takayama.re\/wp-content\/uploads\/2026\/01\/562679803_18028287797726805_8573476962326122709_n-768x1024.jpg 768w, http:\/\/www.takayama.re\/wp-content\/uploads\/2026\/01\/562679803_18028287797726805_8573476962326122709_n-1152x1536.jpg 1152w\" sizes=\"(max-width: 1365px) 100vw, 1365px\" \/>\t\t\t\t\t\t\t\t\t\t\t\t\t\t\t<\/div>\n\t\t<div class=\"elementor-element elementor-element-ee20530 e-con-full e-flex e-con e-child\" data-id=\"ee20530\" data-element_type=\"container\" data-e-type=\"container\">\n\t\t\t\t<div class=\"elementor-element elementor-element-05decf1 elementor-widget elementor-widget-heading\" data-id=\"05decf1\" data-element_type=\"widget\" data-e-type=\"widget\" data-widget_type=\"heading.default\">\n\t\t\t\t\t<h2 class=\"elementor-heading-title elementor-size-default\">Des boissons pens\u00e9es pour l\u2019\u00e9quilibre des saveurs<\/h2>\t\t\t\t<\/div>\n\t\t\t\t<\/div>\n\t\t\t\t\t<\/div>\n\t\t\t\t<\/div>\n\t\t\t\t<\/div>\n\t\t<div class=\"elementor-element elementor-element-db016f1 e-flex e-con-boxed e-con e-parent\" data-id=\"db016f1\" data-element_type=\"container\" data-e-type=\"container\">\n\t\t\t\t\t<div class=\"e-con-inner\">\n\t\t\t\t\t<\/div>\n\t\t\t\t<\/div>\n\t\t<div class=\"elementor-element elementor-element-9b9f0e9 e-con-full e-flex e-con e-parent\" data-id=\"9b9f0e9\" data-element_type=\"container\" data-e-type=\"container\">\n\t\t<div class=\"elementor-element elementor-element-feec35a e-flex e-con-boxed e-con e-child\" data-id=\"feec35a\" data-element_type=\"container\" data-e-type=\"container\">\n\t\t\t\t\t<div class=\"e-con-inner\">\n\t\t\t\t<div class=\"elementor-element elementor-element-15ef70e elementor-widget elementor-widget-image\" data-id=\"15ef70e\" data-element_type=\"widget\" data-e-type=\"widget\" data-widget_type=\"image.default\">\n\t\t\t\t\t\t\t\t\t\t\t\t\t\t\t<img decoding=\"async\" width=\"1365\" height=\"1820\" src=\"http:\/\/www.takayama.re\/wp-content\/uploads\/2026\/01\/563446637_18028287806726805_1918293224196737080_n.jpg\" class=\"attachment-full size-full wp-image-109\" alt=\"\" srcset=\"http:\/\/www.takayama.re\/wp-content\/uploads\/2026\/01\/563446637_18028287806726805_1918293224196737080_n.jpg 1365w, http:\/\/www.takayama.re\/wp-content\/uploads\/2026\/01\/563446637_18028287806726805_1918293224196737080_n-600x800.jpg 600w, http:\/\/www.takayama.re\/wp-content\/uploads\/2026\/01\/563446637_18028287806726805_1918293224196737080_n-225x300.jpg 225w, http:\/\/www.takayama.re\/wp-content\/uploads\/2026\/01\/563446637_18028287806726805_1918293224196737080_n-768x1024.jpg 768w, http:\/\/www.takayama.re\/wp-content\/uploads\/2026\/01\/563446637_18028287806726805_1918293224196737080_n-1152x1536.jpg 1152w\" sizes=\"(max-width: 1365px) 100vw, 1365px\" \/>\t\t\t\t\t\t\t\t\t\t\t\t\t\t\t<\/div>\n\t\t\t\t<div class=\"elementor-element elementor-element-d1f9c28 elementor-widget elementor-widget-heading\" data-id=\"d1f9c28\" data-element_type=\"widget\" data-e-type=\"widget\" data-widget_type=\"heading.default\">\n\t\t\t\t\t<h2 class=\"elementor-heading-title elementor-size-default\">Plats chauds inspir\u00e9s du Japon urbain<\/h2>\t\t\t\t<\/div>\n\t\t\t\t\t<\/div>\n\t\t\t\t<\/div>\n\t\t<div class=\"elementor-element elementor-element-14de1bf e-flex e-con-boxed e-con e-child\" data-id=\"14de1bf\" data-element_type=\"container\" data-e-type=\"container\">\n\t\t\t\t\t<div class=\"e-con-inner\">\n\t\t\t\t<div class=\"elementor-element elementor-element-2c7f1a5 elementor-widget elementor-widget-image\" data-id=\"2c7f1a5\" data-element_type=\"widget\" data-e-type=\"widget\" data-widget_type=\"image.default\">\n\t\t\t\t\t\t\t\t\t\t\t\t\t\t\t<img loading=\"lazy\" decoding=\"async\" width=\"1365\" height=\"1820\" src=\"http:\/\/www.takayama.re\/wp-content\/uploads\/2026\/01\/562137049_18028287842726805_1331034001529375901_n.jpg\" class=\"attachment-full size-full wp-image-110\" alt=\"\" srcset=\"http:\/\/www.takayama.re\/wp-content\/uploads\/2026\/01\/562137049_18028287842726805_1331034001529375901_n.jpg 1365w, http:\/\/www.takayama.re\/wp-content\/uploads\/2026\/01\/562137049_18028287842726805_1331034001529375901_n-600x800.jpg 600w, http:\/\/www.takayama.re\/wp-content\/uploads\/2026\/01\/562137049_18028287842726805_1331034001529375901_n-225x300.jpg 225w, http:\/\/www.takayama.re\/wp-content\/uploads\/2026\/01\/562137049_18028287842726805_1331034001529375901_n-768x1024.jpg 768w, http:\/\/www.takayama.re\/wp-content\/uploads\/2026\/01\/562137049_18028287842726805_1331034001529375901_n-1152x1536.jpg 1152w\" sizes=\"(max-width: 1365px) 100vw, 1365px\" \/>\t\t\t\t\t\t\t\t\t\t\t\t\t\t\t<\/div>\n\t\t\t\t<div class=\"elementor-element elementor-element-a3f9e62 elementor-widget elementor-widget-heading\" data-id=\"a3f9e62\" data-element_type=\"widget\" data-e-type=\"widget\" data-widget_type=\"heading.default\">\n\t\t\t\t\t<h2 class=\"elementor-heading-title elementor-size-default\">Sushis pr\u00e9par\u00e9s \u00e0 la minute<\/h2>\t\t\t\t<\/div>\n\t\t\t\t\t<\/div>\n\t\t\t\t<\/div>\n\t\t\t\t<\/div>\n\t\t<div class=\"elementor-element elementor-element-a12493a e-flex e-con-boxed e-con e-parent\" data-id=\"a12493a\" data-element_type=\"container\" data-e-type=\"container\">\n\t\t\t\t\t<div class=\"e-con-inner\">\n\t\t\t\t\t<\/div>\n\t\t\t\t<\/div>\n\t\t<div class=\"elementor-element elementor-element-20822cd e-flex e-con-boxed e-con e-parent\" data-id=\"20822cd\" data-element_type=\"container\" data-e-type=\"container\">\n\t\t\t\t\t<div class=\"e-con-inner\">\n\t\t\t\t<div class=\"elementor-element elementor-element-fa6e83e elementor-widget elementor-widget-heading\" data-id=\"fa6e83e\" data-element_type=\"widget\" data-e-type=\"widget\" data-widget_type=\"heading.default\">\n\t\t\t\t\t<h2 class=\"elementor-heading-title elementor-size-default\">L\u2019avis de nos clients<\/h2>\t\t\t\t<\/div>\n\t\t\t\t\t<\/div>\n\t\t\t\t<\/div>\n\t\t<div class=\"elementor-element elementor-element-06ea673 e-flex e-con-boxed e-con e-parent\" data-id=\"06ea673\" data-element_type=\"container\" data-e-type=\"container\">\n\t\t\t\t\t<div class=\"e-con-inner\">\n\t\t\t\t<div class=\"elementor-element elementor-element-7d63393 elementor-widget elementor-widget-html\" data-id=\"7d63393\" data-element_type=\"widget\" data-e-type=\"widget\" data-widget_type=\"html.default\">\n\t\t\t\t\t<!-- Elfsight Google Reviews | Untitled Google Reviews -->\r\n<script src=\"https:\/\/elfsightcdn.com\/platform.js\" async><\/script>\r\n<div class=\"elfsight-app-1eaa2641-be23-4e87-81cd-c854510f9868\" data-elfsight-app-lazy><\/div>\t\t\t\t<\/div>\n\t\t\t\t\t<\/div>\n\t\t\t\t<\/div>\n\t\t<div class=\"elementor-element elementor-element-654233d e-flex e-con-boxed e-con e-parent\" data-id=\"654233d\" data-element_type=\"container\" data-e-type=\"container\">\n\t\t\t\t\t<div class=\"e-con-inner\">\n\t\t<div class=\"elementor-element elementor-element-0d1dd45 e-con-full e-flex e-con e-child\" data-id=\"0d1dd45\" data-element_type=\"container\" data-e-type=\"container\">\n\t\t\t\t<div class=\"elementor-element elementor-element-6bddc99 elementor-widget elementor-widget-heading\" data-id=\"6bddc99\" data-element_type=\"widget\" data-e-type=\"widget\" data-widget_type=\"heading.default\">\n\t\t\t\t\t<h2 class=\"elementor-heading-title elementor-size-default\">Horaires<\/h2>\t\t\t\t<\/div>\n\t\t\t\t<\/div>\n\t\t\t\t<div class=\"elementor-element elementor-element-4a99310 elementor-widget elementor-widget-text-editor\" data-id=\"4a99310\" data-element_type=\"widget\" data-e-type=\"widget\" data-widget_type=\"text-editor.default\">\n\t\t\t\t\t\t\t\t\t<div class=\"x9f619 x1ja2u2z x2lah0s x1n2onr6 x1qughib xozqiw3 x1q0g3np x6s0dn4 x78zum5 xdj266r x14z9mp xat24cr x1lziwak xexx8yu xyri2b x18d9i69 x1c1uobl\"><div class=\"x9f619 x1n2onr6 x1ja2u2z x78zum5 xdt5ytf x2lah0s x193iq5w xeuugli xwib8y2 x1y1aw1k\"><span class=\"xdmh292 x15dsfln x140p0ai x1gufx9m x1s928wv xhkezso x1gmr53x x1cpjm7i x1fgarty x1943h6x x193iq5w xeuugli x13faqbe x1vvkbs x1lliihq xzsf02u xlh3980 xvmahel x1x9mg3 xk50ysn\" dir=\"auto\">lundi\u00a0 \u00a0 \u00a0 \u00a0 \u00a0 \u00a0 \u00a0 <\/span>FERM\u00c9<\/div><\/div><div class=\"x9f619 x1ja2u2z x2lah0s x1n2onr6 x1qughib xozqiw3 x1q0g3np x6s0dn4 x78zum5 xdj266r x14z9mp xat24cr x1lziwak xexx8yu xyri2b x18d9i69 x1c1uobl\"><div class=\"x9f619 x1n2onr6 x1ja2u2z x78zum5 xdt5ytf x2lah0s x193iq5w xeuugli xwib8y2 x1y1aw1k\"><span class=\"xdmh292 x15dsfln x140p0ai x1gufx9m x1s928wv xhkezso x1gmr53x x1cpjm7i x1fgarty x1943h6x x193iq5w xeuugli x13faqbe x1vvkbs x1lliihq xzsf02u xlh3980 xvmahel x1x9mg3 xk50ysn\" dir=\"auto\">mardi\u00a0 \u00a0 \u00a0 \u00a0 \u00a0 \u00a0 <\/span>11:30 &#8211; 13:30 \/ 18:00 &#8211; 21:30<\/div><\/div><div class=\"x9f619 x1ja2u2z x2lah0s x1n2onr6 x1qughib xozqiw3 x1q0g3np x6s0dn4 x78zum5 xdj266r x14z9mp xat24cr x1lziwak xexx8yu xyri2b x18d9i69 x1c1uobl\"><div class=\"x9f619 x1n2onr6 x1ja2u2z x78zum5 xdt5ytf x2lah0s x193iq5w xeuugli xwib8y2 x1y1aw1k\"><span class=\"xdmh292 x15dsfln x140p0ai x1gufx9m x1s928wv xhkezso x1gmr53x x1cpjm7i x1fgarty x1943h6x x193iq5w xeuugli x13faqbe x1vvkbs x1lliihq xzsf02u xlh3980 xvmahel x1x9mg3 xk50ysn\" dir=\"auto\">mercredi\u00a0 \u00a0 \u00a0 \u00a0<\/span>11:30 &#8211; 13:30 \/ 18:00 &#8211; 21:30<\/div><\/div><div class=\"x9f619 x1ja2u2z x2lah0s x1n2onr6 x1qughib xozqiw3 x1q0g3np x6s0dn4 x78zum5 xdj266r x14z9mp xat24cr x1lziwak xexx8yu xyri2b x18d9i69 x1c1uobl\"><div class=\"x9f619 x1n2onr6 x1ja2u2z x78zum5 xdt5ytf x2lah0s x193iq5w xeuugli xwib8y2 x1y1aw1k\"><span class=\"xdmh292 x15dsfln x140p0ai x1gufx9m x1s928wv xhkezso x1gmr53x x1cpjm7i x1fgarty x1943h6x x193iq5w xeuugli x13faqbe x1vvkbs x1lliihq xzsf02u xlh3980 xvmahel x1x9mg3 xk50ysn\" dir=\"auto\">jeudi\u00a0 \u00a0 \u00a0 \u00a0 \u00a0 \u00a0 \u00a0 <\/span>11:30 &#8211; 13:30 \/ 18:00 &#8211; 21:30<\/div><\/div><div class=\"x9f619 x1ja2u2z x2lah0s x1n2onr6 x1qughib xozqiw3 x1q0g3np x6s0dn4 x78zum5 xdj266r x14z9mp xat24cr x1lziwak xexx8yu xyri2b x18d9i69 x1c1uobl\"><div class=\"x9f619 x1n2onr6 x1ja2u2z x78zum5 xdt5ytf x2lah0s x193iq5w xeuugli xwib8y2 x1y1aw1k\"><span class=\"xdmh292 x15dsfln x140p0ai x1gufx9m x1s928wv xhkezso x1gmr53x x1cpjm7i x1fgarty x1943h6x x193iq5w xeuugli x13faqbe x1vvkbs x1lliihq xzsf02u xlh3980 xvmahel x1x9mg3 xk50ysn\" dir=\"auto\">vendredi\u00a0 \u00a0 \u00a0 \u00a0<\/span>11:30 &#8211; 13:30 \/ 18:00 &#8211; 21:30<\/div><\/div><div class=\"x9f619 x1ja2u2z x2lah0s x1n2onr6 x1qughib xozqiw3 x1q0g3np x6s0dn4 x78zum5 xdj266r x14z9mp xat24cr x1lziwak xexx8yu xyri2b x18d9i69 x1c1uobl\"><div class=\"x9f619 x1n2onr6 x1ja2u2z x78zum5 xdt5ytf x2lah0s x193iq5w xeuugli xwib8y2 x1y1aw1k\"><span class=\"xdmh292 x15dsfln x140p0ai x1gufx9m x1s928wv xhkezso x1gmr53x x1cpjm7i x1fgarty x1943h6x x193iq5w xeuugli x13faqbe x1vvkbs x1lliihq xzsf02u xlh3980 xvmahel x1x9mg3 xk50ysn\" dir=\"auto\">samedi\u00a0 \u00a0 \u00a0 \u00a0 \u00a0<\/span>11:30 &#8211; 13:30 \/ 18:00 &#8211; 21:30<\/div><\/div><div class=\"x9f619 x1ja2u2z x2lah0s x1n2onr6 x1qughib xozqiw3 x1q0g3np x6s0dn4 x78zum5 xdj266r x14z9mp xat24cr x1lziwak xexx8yu xyri2b x18d9i69 x1c1uobl\"><div class=\"x9f619 x1n2onr6 x1ja2u2z x78zum5 xdt5ytf x2lah0s x193iq5w xeuugli xwib8y2 x1y1aw1k\"><span class=\"xdmh292 x15dsfln x140p0ai x1gufx9m x1s928wv xhkezso x1gmr53x x1cpjm7i x1fgarty x1943h6x x193iq5w xeuugli x13faqbe x1vvkbs x1lliihq xzsf02u xlh3980 xvmahel x1x9mg3 xk50ysn\" dir=\"auto\">dimanche\u00a0 \u00a0 \u00a0<\/span>FERM\u00c9<\/div><\/div>\t\t\t\t\t\t\t\t<\/div>\n\t\t\t\t\t<\/div>\n\t\t\t\t<\/div>\n\t\t\t\t<\/div>\n\t\t","protected":false},"excerpt":{"rendered":"<p>Takayama, Japanese Street Food \u00e0 Saint-Paul Entre tradition et street food D\u00e9couvrez nos sp\u00e9cialit\u00e9s : sushis pr\u00e9par\u00e9s \u00e0 la commande, plats chauds r\u00e9confortants et street-food japonaise fra\u00eeche, \u00e0 savourer.Sur place ou \u00e0 emporter, Takayama, c\u2019est le Japon sans d\u00e9tour, au c\u0153ur de La R\u00e9union. Voir le menu Nos sp\u00e9cialit\u00e9s japonaises Street food japonaise, simple et [&hellip;]<\/p>\n","protected":false},"author":1,"featured_media":0,"parent":0,"menu_order":0,"comment_status":"closed","ping_status":"closed","template":"","meta":{"zakra_page_container_layout":"customizer","zakra_page_sidebar_layout":"customizer","zakra_remove_content_margin":false,"zakra_sidebar":"customizer","zakra_transparent_header":"customizer","zakra_logo":0,"zakra_main_header_style":"default","zakra_menu_item_color":"","zakra_menu_item_hover_color":"","zakra_menu_item_active_color":"","zakra_menu_active_style":"","zakra_page_header":true,"om_disable_all_campaigns":false,"_monsterinsights_skip_tracking":false,"_monsterinsights_sitenote_active":false,"_monsterinsights_sitenote_note":"","_monsterinsights_sitenote_category":0,"footnotes":""},"class_list":["post-18","page","type-page","status-publish","hentry"],"jetpack_sharing_enabled":true,"_links":{"self":[{"href":"https:\/\/www.takayama.re\/index.php\/wp-json\/wp\/v2\/pages\/18","targetHints":{"allow":["GET"]}}],"collection":[{"href":"https:\/\/www.takayama.re\/index.php\/wp-json\/wp\/v2\/pages"}],"about":[{"href":"https:\/\/www.takayama.re\/index.php\/wp-json\/wp\/v2\/types\/page"}],"author":[{"embeddable":true,"href":"https:\/\/www.takayama.re\/index.php\/wp-json\/wp\/v2\/users\/1"}],"replies":[{"embeddable":true,"href":"https:\/\/www.takayama.re\/index.php\/wp-json\/wp\/v2\/comments?post=18"}],"version-history":[{"count":196,"href":"https:\/\/www.takayama.re\/index.php\/wp-json\/wp\/v2\/pages\/18\/revisions"}],"predecessor-version":[{"id":413,"href":"https:\/\/www.takayama.re\/index.php\/wp-json\/wp\/v2\/pages\/18\/revisions\/413"}],"wp:attachment":[{"href":"https:\/\/www.takayama.re\/index.php\/wp-json\/wp\/v2\/media?parent=18"}],"curies":[{"name":"wp","href":"https:\/\/api.w.org\/{rel}","templated":true}]}}