{"id":68,"date":"2026-01-10T16:48:30","date_gmt":"2026-01-10T16:48:30","guid":{"rendered":"https:\/\/www.takayama.re\/?page_id=68"},"modified":"2026-01-10T16:55:16","modified_gmt":"2026-01-10T16:55:16","slug":"menu","status":"publish","type":"page","link":"https:\/\/www.takayama.re\/index.php\/menu\/","title":{"rendered":"Menu"},"content":{"rendered":"\t\t<div data-elementor-type=\"wp-page\" data-elementor-id=\"68\" class=\"elementor elementor-68\">\n\t\t\t\t<div class=\"elementor-element elementor-element-6152768 e-flex e-con-boxed e-con e-parent\" data-id=\"6152768\" data-element_type=\"container\" data-e-type=\"container\">\n\t\t\t\t\t<div class=\"e-con-inner\">\n\t\t<div class=\"elementor-element elementor-element-66d28b0 e-con-full e-flex e-con e-child\" data-id=\"66d28b0\" data-element_type=\"container\" data-e-type=\"container\">\n\t\t\t\t<div class=\"elementor-element elementor-element-50f155d elementor-widget elementor-widget-heading\" data-id=\"50f155d\" data-element_type=\"widget\" data-e-type=\"widget\" data-widget_type=\"heading.default\">\n\t\t\t\t\t<h2 class=\"elementor-heading-title elementor-size-default\">D\u00e9couvrez la carte<\/h2>\t\t\t\t<\/div>\n\t\t\t\t<\/div>\n\t\t\t\t<div class=\"elementor-element elementor-element-0f5bc02 elementor-widget elementor-widget-image\" data-id=\"0f5bc02\" data-element_type=\"widget\" data-e-type=\"widget\" data-widget_type=\"image.default\">\n\t\t\t\t\t\t\t\t\t\t\t\t\t\t\t<img fetchpriority=\"high\" decoding=\"async\" width=\"724\" height=\"1024\" src=\"https:\/\/www.takayama.re\/wp-content\/uploads\/2026\/01\/482030267_673504385248040_1426054517818195446_n-724x1024.jpg\" class=\"attachment-large size-large wp-image-70\" alt=\"\" srcset=\"https:\/\/www.takayama.re\/wp-content\/uploads\/2026\/01\/482030267_673504385248040_1426054517818195446_n-724x1024.jpg 724w, https:\/\/www.takayama.re\/wp-content\/uploads\/2026\/01\/482030267_673504385248040_1426054517818195446_n-600x849.jpg 600w, https:\/\/www.takayama.re\/wp-content\/uploads\/2026\/01\/482030267_673504385248040_1426054517818195446_n-212x300.jpg 212w, https:\/\/www.takayama.re\/wp-content\/uploads\/2026\/01\/482030267_673504385248040_1426054517818195446_n-768x1086.jpg 768w, https:\/\/www.takayama.re\/wp-content\/uploads\/2026\/01\/482030267_673504385248040_1426054517818195446_n-1086x1536.jpg 1086w, https:\/\/www.takayama.re\/wp-content\/uploads\/2026\/01\/482030267_673504385248040_1426054517818195446_n.jpg 1448w\" sizes=\"(max-width: 724px) 100vw, 724px\" \/>\t\t\t\t\t\t\t\t\t\t\t\t\t\t\t<\/div>\n\t\t<div class=\"elementor-element elementor-element-77f933e e-con-full e-flex e-con e-child\" data-id=\"77f933e\" data-element_type=\"container\" data-e-type=\"container\">\n\t\t\t\t<\/div>\n\t\t<div class=\"elementor-element elementor-element-b26f845 e-con-full e-flex e-con e-child\" data-id=\"b26f845\" data-element_type=\"container\" data-e-type=\"container\">\n\t\t\t\t<div class=\"elementor-element elementor-element-5be984f elementor-widget elementor-widget-heading\" data-id=\"5be984f\" data-element_type=\"widget\" data-e-type=\"widget\" data-widget_type=\"heading.default\">\n\t\t\t\t\t<h2 class=\"elementor-heading-title elementor-size-default\">D\u00e9couvrez nos menus<\/h2>\t\t\t\t<\/div>\n\t\t\t\t<\/div>\n\t\t\t\t\t<\/div>\n\t\t\t\t<\/div>\n\t\t<div class=\"elementor-element elementor-element-c179513 e-flex e-con-boxed e-con e-parent\" data-id=\"c179513\" data-element_type=\"container\" data-e-type=\"container\">\n\t\t\t\t\t<div class=\"e-con-inner\">\n\t\t\t\t<div class=\"elementor-element elementor-element-aee3d27 elementor-widget elementor-widget-image\" data-id=\"aee3d27\" data-element_type=\"widget\" data-e-type=\"widget\" data-widget_type=\"image.default\">\n\t\t\t\t\t\t\t\t\t\t\t\t\t\t\t<img decoding=\"async\" width=\"724\" height=\"1024\" src=\"https:\/\/www.takayama.re\/wp-content\/uploads\/2026\/01\/484133349_673504648581347_2547339234703503331_n-724x1024.jpg\" class=\"attachment-large size-large wp-image-73\" alt=\"\" srcset=\"https:\/\/www.takayama.re\/wp-content\/uploads\/2026\/01\/484133349_673504648581347_2547339234703503331_n-724x1024.jpg 724w, https:\/\/www.takayama.re\/wp-content\/uploads\/2026\/01\/484133349_673504648581347_2547339234703503331_n-600x849.jpg 600w, https:\/\/www.takayama.re\/wp-content\/uploads\/2026\/01\/484133349_673504648581347_2547339234703503331_n-212x300.jpg 212w, https:\/\/www.takayama.re\/wp-content\/uploads\/2026\/01\/484133349_673504648581347_2547339234703503331_n-768x1086.jpg 768w, https:\/\/www.takayama.re\/wp-content\/uploads\/2026\/01\/484133349_673504648581347_2547339234703503331_n-1086x1536.jpg 1086w, https:\/\/www.takayama.re\/wp-content\/uploads\/2026\/01\/484133349_673504648581347_2547339234703503331_n.jpg 1448w\" sizes=\"(max-width: 724px) 100vw, 724px\" \/>\t\t\t\t\t\t\t\t\t\t\t\t\t\t\t<\/div>\n\t\t<div class=\"elementor-element elementor-element-e101c22 e-con-full e-flex e-con e-child\" data-id=\"e101c22\" data-element_type=\"container\" data-e-type=\"container\">\n\t\t\t\t<\/div>\n\t\t\t\t\t<\/div>\n\t\t\t\t<\/div>\n\t\t<div class=\"elementor-element elementor-element-0641c60 e-con-full e-flex e-con e-child\" data-id=\"0641c60\" data-element_type=\"container\" data-e-type=\"container\">\n\t\t\t\t<div class=\"elementor-element elementor-element-3d9121c elementor-widget elementor-widget-heading\" data-id=\"3d9121c\" data-element_type=\"widget\" data-e-type=\"widget\" data-widget_type=\"heading.default\">\n\t\t\t\t\t<h2 class=\"elementor-heading-title elementor-size-default\">D\u00e9couvrez nos sushis fusion<\/h2>\t\t\t\t<\/div>\n\t\t\t\t<\/div>\n\t\t<div class=\"elementor-element elementor-element-c7bb308 e-flex e-con-boxed e-con e-parent\" data-id=\"c7bb308\" data-element_type=\"container\" data-e-type=\"container\">\n\t\t\t\t\t<div class=\"e-con-inner\">\n\t\t\t\t<div class=\"elementor-element elementor-element-3d0573e elementor-widget elementor-widget-image\" data-id=\"3d0573e\" data-element_type=\"widget\" data-e-type=\"widget\" data-widget_type=\"image.default\">\n\t\t\t\t\t\t\t\t\t\t\t\t\t\t\t<img decoding=\"async\" width=\"724\" height=\"1024\" src=\"https:\/\/www.takayama.re\/wp-content\/uploads\/2026\/01\/484236070_673504418581370_4531714424721981611_n-724x1024.jpg\" class=\"attachment-large size-large wp-image-72\" alt=\"\" srcset=\"https:\/\/www.takayama.re\/wp-content\/uploads\/2026\/01\/484236070_673504418581370_4531714424721981611_n-724x1024.jpg 724w, https:\/\/www.takayama.re\/wp-content\/uploads\/2026\/01\/484236070_673504418581370_4531714424721981611_n-600x849.jpg 600w, https:\/\/www.takayama.re\/wp-content\/uploads\/2026\/01\/484236070_673504418581370_4531714424721981611_n-212x300.jpg 212w, https:\/\/www.takayama.re\/wp-content\/uploads\/2026\/01\/484236070_673504418581370_4531714424721981611_n-768x1086.jpg 768w, https:\/\/www.takayama.re\/wp-content\/uploads\/2026\/01\/484236070_673504418581370_4531714424721981611_n-1086x1536.jpg 1086w, https:\/\/www.takayama.re\/wp-content\/uploads\/2026\/01\/484236070_673504418581370_4531714424721981611_n.jpg 1448w\" sizes=\"(max-width: 724px) 100vw, 724px\" \/>\t\t\t\t\t\t\t\t\t\t\t\t\t\t\t<\/div>\n\t\t\t\t\t<\/div>\n\t\t\t\t<\/div>\n\t\t<div class=\"elementor-element elementor-element-541f881 e-flex e-con-boxed e-con e-parent\" data-id=\"541f881\" data-element_type=\"container\" data-e-type=\"container\">\n\t\t\t\t\t<div class=\"e-con-inner\">\n\t\t\t\t\t<\/div>\n\t\t\t\t<\/div>\n\t\t<div class=\"elementor-element elementor-element-e547b1a e-flex e-con-boxed e-con e-parent\" data-id=\"e547b1a\" data-element_type=\"container\" data-e-type=\"container\">\n\t\t\t\t\t<div class=\"e-con-inner\">\n\t\t<div class=\"elementor-element elementor-element-d199fa8 e-con-full e-flex e-con e-child\" data-id=\"d199fa8\" data-element_type=\"container\" data-e-type=\"container\">\n\t\t\t\t<div class=\"elementor-element elementor-element-6569498 elementor-widget elementor-widget-heading\" data-id=\"6569498\" data-element_type=\"widget\" data-e-type=\"widget\" data-widget_type=\"heading.default\">\n\t\t\t\t\t<h2 class=\"elementor-heading-title elementor-size-default\">D\u00e9couvrez nos plats chauds<\/h2>\t\t\t\t<\/div>\n\t\t\t\t<\/div>\n\t\t\t\t\t<\/div>\n\t\t\t\t<\/div>\n\t\t<div class=\"elementor-element elementor-element-82687a6 e-flex e-con-boxed e-con e-parent\" data-id=\"82687a6\" data-element_type=\"container\" data-e-type=\"container\">\n\t\t\t\t\t<div class=\"e-con-inner\">\n\t\t\t\t<div class=\"elementor-element elementor-element-45f2394 elementor-widget elementor-widget-image\" data-id=\"45f2394\" data-element_type=\"widget\" data-e-type=\"widget\" data-widget_type=\"image.default\">\n\t\t\t\t\t\t\t\t\t\t\t\t\t\t\t<img loading=\"lazy\" decoding=\"async\" width=\"724\" height=\"1024\" src=\"https:\/\/www.takayama.re\/wp-content\/uploads\/2026\/01\/490769444_696517852946693_6035452739793325370_n-724x1024.jpg\" class=\"attachment-large size-large wp-image-71\" alt=\"\" srcset=\"https:\/\/www.takayama.re\/wp-content\/uploads\/2026\/01\/490769444_696517852946693_6035452739793325370_n-724x1024.jpg 724w, https:\/\/www.takayama.re\/wp-content\/uploads\/2026\/01\/490769444_696517852946693_6035452739793325370_n-600x849.jpg 600w, https:\/\/www.takayama.re\/wp-content\/uploads\/2026\/01\/490769444_696517852946693_6035452739793325370_n-212x300.jpg 212w, https:\/\/www.takayama.re\/wp-content\/uploads\/2026\/01\/490769444_696517852946693_6035452739793325370_n-768x1086.jpg 768w, https:\/\/www.takayama.re\/wp-content\/uploads\/2026\/01\/490769444_696517852946693_6035452739793325370_n-1086x1536.jpg 1086w, https:\/\/www.takayama.re\/wp-content\/uploads\/2026\/01\/490769444_696517852946693_6035452739793325370_n.jpg 1414w\" sizes=\"(max-width: 724px) 100vw, 724px\" \/>\t\t\t\t\t\t\t\t\t\t\t\t\t\t\t<\/div>\n\t\t\t\t\t<\/div>\n\t\t\t\t<\/div>\n\t\t<div class=\"elementor-element elementor-element-1d02607 e-flex e-con-boxed e-con e-parent\" data-id=\"1d02607\" data-element_type=\"container\" data-e-type=\"container\">\n\t\t\t\t\t<div class=\"e-con-inner\">\n\t\t\t\t\t<\/div>\n\t\t\t\t<\/div>\n\t\t<div class=\"elementor-element elementor-element-0cd0084 e-flex e-con-boxed e-con e-parent\" data-id=\"0cd0084\" data-element_type=\"container\" data-e-type=\"container\">\n\t\t\t\t\t<div class=\"e-con-inner\">\n\t\t<div class=\"elementor-element elementor-element-39892c5 e-con-full e-flex e-con e-child\" data-id=\"39892c5\" data-element_type=\"container\" data-e-type=\"container\">\n\t\t<div class=\"elementor-element elementor-element-1b50a87 e-con-full e-flex e-con e-child\" data-id=\"1b50a87\" data-element_type=\"container\" data-e-type=\"container\">\n\t\t\t\t<div class=\"elementor-element elementor-element-e8df2b9 elementor-widget elementor-widget-heading\" data-id=\"e8df2b9\" data-element_type=\"widget\" data-e-type=\"widget\" data-widget_type=\"heading.default\">\n\t\t\t\t\t<h2 class=\"elementor-heading-title elementor-size-default\">D\u00e9couvrez nos accompagnements<\/h2>\t\t\t\t<\/div>\n\t\t\t\t<\/div>\n\t\t\t\t<\/div>\n\t\t\t\t\t<\/div>\n\t\t\t\t<\/div>\n\t\t<div class=\"elementor-element elementor-element-d9c2d25 e-flex e-con-boxed e-con e-parent\" data-id=\"d9c2d25\" data-element_type=\"container\" data-e-type=\"container\">\n\t\t\t\t\t<div class=\"e-con-inner\">\n\t\t\t\t<div class=\"elementor-element elementor-element-e7bc33a elementor-widget elementor-widget-image\" data-id=\"e7bc33a\" data-element_type=\"widget\" data-e-type=\"widget\" data-widget_type=\"image.default\">\n\t\t\t\t\t\t\t\t\t\t\t\t\t\t\t<img loading=\"lazy\" decoding=\"async\" width=\"722\" height=\"1024\" src=\"https:\/\/www.takayama.re\/wp-content\/uploads\/2026\/01\/513079527_751812217417256_6194833658325793332_n-722x1024.jpg\" class=\"attachment-large size-large wp-image-74\" alt=\"\" srcset=\"https:\/\/www.takayama.re\/wp-content\/uploads\/2026\/01\/513079527_751812217417256_6194833658325793332_n-722x1024.jpg 722w, https:\/\/www.takayama.re\/wp-content\/uploads\/2026\/01\/513079527_751812217417256_6194833658325793332_n-600x852.jpg 600w, https:\/\/www.takayama.re\/wp-content\/uploads\/2026\/01\/513079527_751812217417256_6194833658325793332_n-211x300.jpg 211w, https:\/\/www.takayama.re\/wp-content\/uploads\/2026\/01\/513079527_751812217417256_6194833658325793332_n-768x1090.jpg 768w, https:\/\/www.takayama.re\/wp-content\/uploads\/2026\/01\/513079527_751812217417256_6194833658325793332_n-1082x1536.jpg 1082w, https:\/\/www.takayama.re\/wp-content\/uploads\/2026\/01\/513079527_751812217417256_6194833658325793332_n.jpg 1443w\" sizes=\"(max-width: 722px) 100vw, 722px\" \/>\t\t\t\t\t\t\t\t\t\t\t\t\t\t\t<\/div>\n\t\t\t\t\t<\/div>\n\t\t\t\t<\/div>\n\t\t\t\t<\/div>\n\t\t","protected":false},"excerpt":{"rendered":"<p>D\u00e9couvrez la carte D\u00e9couvrez nos menus D\u00e9couvrez nos sushis fusion D\u00e9couvrez nos plats chauds D\u00e9couvrez nos accompagnements<\/p>\n","protected":false},"author":1,"featured_media":0,"parent":0,"menu_order":0,"comment_status":"closed","ping_status":"closed","template":"","meta":{"zakra_page_container_layout":"customizer","zakra_page_sidebar_layout":"customizer","zakra_remove_content_margin":false,"zakra_sidebar":"customizer","zakra_transparent_header":"customizer","zakra_logo":0,"zakra_main_header_style":"default","zakra_menu_item_color":"","zakra_menu_item_hover_color":"","zakra_menu_item_active_color":"","zakra_menu_active_style":"","zakra_page_header":true,"om_disable_all_campaigns":false,"_monsterinsights_skip_tracking":false,"_monsterinsights_sitenote_active":false,"_monsterinsights_sitenote_note":"","_monsterinsights_sitenote_category":0,"footnotes":""},"class_list":["post-68","page","type-page","status-publish","hentry"],"jetpack_sharing_enabled":true,"_links":{"self":[{"href":"https:\/\/www.takayama.re\/index.php\/wp-json\/wp\/v2\/pages\/68","targetHints":{"allow":["GET"]}}],"collection":[{"href":"https:\/\/www.takayama.re\/index.php\/wp-json\/wp\/v2\/pages"}],"about":[{"href":"https:\/\/www.takayama.re\/index.php\/wp-json\/wp\/v2\/types\/page"}],"author":[{"embeddable":true,"href":"https:\/\/www.takayama.re\/index.php\/wp-json\/wp\/v2\/users\/1"}],"replies":[{"embeddable":true,"href":"https:\/\/www.takayama.re\/index.php\/wp-json\/wp\/v2\/comments?post=68"}],"version-history":[{"count":4,"href":"https:\/\/www.takayama.re\/index.php\/wp-json\/wp\/v2\/pages\/68\/revisions"}],"predecessor-version":[{"id":77,"href":"https:\/\/www.takayama.re\/index.php\/wp-json\/wp\/v2\/pages\/68\/revisions\/77"}],"wp:attachment":[{"href":"https:\/\/www.takayama.re\/index.php\/wp-json\/wp\/v2\/media?parent=68"}],"curies":[{"name":"wp","href":"https:\/\/api.w.org\/{rel}","templated":true}]}}